{"id":432,"date":"2025-01-13T18:26:56","date_gmt":"2025-01-13T18:26:56","guid":{"rendered":"https:\/\/gitedegranade.fr\/?page_id=432"},"modified":"2025-02-14T11:40:34","modified_gmt":"2025-02-14T11:40:34","slug":"decouvrir-la-lozere","status":"publish","type":"page","link":"https:\/\/gitedegranade.fr\/?page_id=432","title":{"rendered":"D\u00e9couvrir la Loz\u00e8re"},"content":{"rendered":"\t\t<div data-elementor-type=\"wp-page\" data-elementor-id=\"432\" class=\"elementor elementor-432\">\n\t\t\t\t<div class=\"elementor-element elementor-element-afa6407 e-flex e-con-boxed e-con e-parent\" data-id=\"afa6407\" data-element_type=\"container\">\n\t\t\t\t\t<div class=\"e-con-inner\">\n\t\t\t\t<div class=\"elementor-element elementor-element-a5e0641 elementor-widget elementor-widget-text-editor\" data-id=\"a5e0641\" data-element_type=\"widget\" data-widget_type=\"text-editor.default\">\n\t\t\t\t<div class=\"elementor-widget-container\">\n\t\t\t\t\t\t\t\t\t<p><span style=\"color: #000000;\"><span style=\"font-size: large;\">Voici quelques id\u00e9es et propositions d&rsquo;activit\u00e9s ou de lieux \u00e0 d\u00e9couvrir autour du g\u00eete . Cette liste est loin d&rsquo;\u00eatre exhaustive, vous ferez certainement d&rsquo;autres tr\u00e8s belles d\u00e9couvertes !<\/span><\/span><\/p><p><span style=\"color: #000000;\"><span style=\"font-size: large;\">N&rsquo;h\u00e9sitez pas \u00e0 consulter les sites de<\/span><\/span><span style=\"font-size: large;\"><a href=\"https:\/\/www.lozere-tourisme.com\/\"> Loz\u00e8re Tourisme<\/a>, <\/span><span style=\"color: #000000;\"><span style=\"font-size: large;\">et du<\/span><\/span><span style=\"font-size: large;\"> <a href=\"https:\/\/www.cevennes-parcnational.fr\/fr\">Parc national des C\u00e9vennes .<\/a><\/span><\/p><p><span style=\"color: #000000;\"><span style=\"font-size: large;\">La Loz\u00e8re est un espace extraordinaire pour la pratique de la randonn\u00e9e.\u00a0 N&rsquo;h\u00e9sitez pas lors de votre s\u00e9jour, \u00e0 pr\u00e9voir une sortie avec un\u00a0 <\/span><\/span><a href=\"http:\/\/www.ot-mende.fr\/decouvrir\/bouger\/balades-randonnees\/prestataires\/\">Accompagnateur de Moyenne Montagne<\/a><span style=\"color: #000000;\"><span style=\"font-size: large;\"> . Ce professionnel saura partager sa connaissance et son amour de la r\u00e9gion et vous en faire d\u00e9couvrir les richesses insoup\u00e7onn\u00e9es.<\/span><\/span><\/p>\t\t\t\t\t\t\t\t<\/div>\n\t\t\t\t<\/div>\n\t\t\t\t\t<\/div>\n\t\t\t\t<\/div>\n\t\t<div class=\"elementor-element elementor-element-f7219c2 e-flex e-con-boxed e-con e-parent\" data-id=\"f7219c2\" data-element_type=\"container\">\n\t\t\t\t\t<div class=\"e-con-inner\">\n\t\t\t\t<div class=\"elementor-element elementor-element-5cf986d elementor-widget elementor-widget-text-editor\" data-id=\"5cf986d\" data-element_type=\"widget\" data-widget_type=\"text-editor.default\">\n\t\t\t\t<div class=\"elementor-widget-container\">\n\t\t\t\t\t\t\t\t\t<p><strong><span style=\"color: #008000;\"><span style=\"font-size: large;\"><u>A faire sur place, sans prendre la voiture<\/u><\/span><\/span><\/strong><\/p><p><span style=\"font-size: large;\"><span style=\"color: #008000;\">Le village de Barjac et ses hameaux<\/span>, <span style=\"color: #000000;\">C\u00e9naret, M\u00e9jantel, Pierrefiche, Vialla-bas et Vialla-haut, Raspaillac. Jusque dans les ann\u00e9es 1960 certains de ces hameaux \u00e9taient encore dot\u00e9s d&rsquo;\u00e9cole au nombre d&rsquo;\u00e9l\u00e8ves tr\u00e8s restreint . Vous pourrez y voir les fours banaux dont chacun d&rsquo;entre eux \u00e9tait dot\u00e9 ainsi que de tr\u00e8s belles constructions typiques de la r\u00e9gion .<\/span><\/span><\/p>\t\t\t\t\t\t\t\t<\/div>\n\t\t\t\t<\/div>\n\t\t\t\t\t<\/div>\n\t\t\t\t<\/div>\n\t\t<div class=\"elementor-element elementor-element-f36789a e-flex e-con-boxed e-con e-parent\" data-id=\"f36789a\" data-element_type=\"container\">\n\t\t\t\t\t<div class=\"e-con-inner\">\n\t\t\t\t<div class=\"elementor-element elementor-element-05043ff elementor-widget elementor-widget-text-editor\" data-id=\"05043ff\" data-element_type=\"widget\" data-widget_type=\"text-editor.default\">\n\t\t\t\t<div class=\"elementor-widget-container\">\n\t\t\t\t\t\t\t\t\t<p><strong><span style=\"color: #008000;\"><span style=\"font-size: large;\"><u>A 30 minute de route ou moins<\/u><\/span><\/span><\/strong><\/p><p><span style=\"font-size: large;\"><a href=\"https:\/\/www.levallon.fr\/\" target=\"_blank\" rel=\"noopener\">Le Vallon du Villaret <\/a>:\u00a0<\/span><span style=\"color: #ff0000;\"><span style=\"font-size: large;\"> \u2665 <\/span><\/span><span style=\"color: #000000;\"><span style=\"font-size: large;\">Grand coup de coeur pour ce lieu magique qui m\u00eale nature, art et jeu, tous les sens sont en \u00e9veil et ce \u00e0 tout \u00e2ge (attention, inaccessible en poussette, demander un porte b\u00e9b\u00e9 \u00e0 l&rsquo;entr\u00e9e)<\/span><\/span><\/p><p><span style=\"font-size: large;\"><a href=\"http:\/\/www.ot-mende.fr\/\">La ville de Mende <\/a>:<\/span><span style=\"color: #000000;\"><span style=\"font-size: large;\"> Vous y trouverez de nombreux commerces mais n&rsquo;h\u00e9sitez pas \u00e0 visiter sa cath\u00e9drale aux dimensions majestueuses ou \u00e0 vous promener dans les ruelles de la\u00a0 vieille ville au riche patrimoine b\u00e2ti . A 3 km de la ville le point de vue du causse du Mont-Mimat offre une vue \u00e0 couper le souffle . De nombreuses activit\u00e9s natures sont propos\u00e9es ainsi que des sentiers ombrag\u00e9s .<\/span><\/span><\/p><p><span style=\"font-size: large;\"><a href=\"https:\/\/musee-du-gevaudan.fr\/\" target=\"_blank\" rel=\"noopener\">Le mus\u00e9e du G\u00e9vaudan<\/a>, <\/span><span style=\"color: #000000;\"><span style=\"font-size: large;\">ouvert en automne 2022 dans de superbes b\u00e2timents ancien , ce mus\u00e9e qui balaye toutes les \u00e9poques et toutes les facettes du territoire propose aussi animations vari\u00e9es.<\/span><\/span><\/p><p><span style=\"color: #000000;\"><span style=\"font-size: large;\">Le <\/span><\/span><a href=\"http:\/\/www.randonnee-urbain-v.com\/blog\/2015\/04\/19\/lanuejols\/\" target=\"_blank\" rel=\"noopener\">Mausol\u00e9e Gallo-romain de Lanu\u00e9jols<\/a><span style=\"color: #000000;\"><span style=\"font-size: large;\">, en acc\u00e8s libre .<\/span><\/span><\/p><p><a href=\"http:\/\/www.loupsdugevaudan.com\/\">Le <\/a><a href=\"https:\/\/www.loupsdugevaudan.com\/\" target=\"_blank\" rel=\"noopener\">parc des loups \u00e0 Sainte Lucie \u00e0 Sainte Lucie<\/a><span style=\"color: #000000;\"><span style=\"font-size: large;\">, pour observer et apprendre .<\/span><\/span><\/p><p><span style=\"color: #000000;\"><span style=\"font-size: large;\">La ville de Florac et la <\/span><\/span><a href=\"https:\/\/www.cevennes-parcnational.fr\/fr\/des-decouvertes\/venir-et-sinformer\/maisons-et-relais-dinformation-du-parc\" target=\"_blank\" rel=\"noopener\">Maison du Parc National des C\u00e9vennes<\/a><a href=\"https:\/\/www.cevennes-parcnational.fr\/\"> . <\/a><\/p>\t\t\t\t\t\t\t\t<\/div>\n\t\t\t\t<\/div>\n\t\t\t\t\t<\/div>\n\t\t\t\t<\/div>\n\t\t<div class=\"elementor-element elementor-element-e7f0fb4 e-flex e-con-boxed e-con e-parent\" data-id=\"e7f0fb4\" data-element_type=\"container\">\n\t\t\t\t\t<div class=\"e-con-inner\">\n\t\t\t\t<div class=\"elementor-element elementor-element-0c3026b elementor-widget elementor-widget-text-editor\" data-id=\"0c3026b\" data-element_type=\"widget\" data-widget_type=\"text-editor.default\">\n\t\t\t\t<div class=\"elementor-widget-container\">\n\t\t\t\t\t\t\t\t\t<p><strong><span style=\"color: #000000;\"><span style=\"font-size: large;\"><u>A environ 1 heure de route<\/u><\/span><\/span><\/strong><\/p><p><a href=\"http:\/\/www.bisoneurope.com\/\"><span style=\"color: #ff0000;\">\u2665 <\/span><\/a><a href=\"https:\/\/www.bisoneurope.com\/\" target=\"_blank\" rel=\"noopener\">La r\u00e9serve des bisons d&rsquo;Europe<\/a><span style=\"color: #000000;\"><span style=\"font-size: large;\">, visite \u00e0 pied ou en cal\u00e8che&#8230;et en traineau l&rsquo;hiver !<\/span><\/span><\/p><p><a href=\"https:\/\/archeologie-javols.org\/\" target=\"_blank\" rel=\"noopener\">Mus\u00e9e de JavolsMus\u00e9e de Javols<\/a> <span style=\"color: #000000;\"><span style=\"font-size: large;\">et circuit p\u00e9destre du site arch\u00e9ologique .<\/span><\/span><\/p><p><span style=\"color: #000000;\"><span style=\"font-size: large;\">La <\/span><\/span><a href=\"https:\/\/www.lozere-tourisme.com\/cascade-de-runes\/pont-de-montvert-sud-mont-lozere\/pnalar0480000120\" target=\"_blank\" rel=\"noopener\">cascade de Runes<\/a><span style=\"color: #000000;\"><span style=\"font-size: large;\">, paysage exceptionnel et lieu de fraicheur .<\/span><\/span><\/p><p><span style=\"color: #000000;\"><span style=\"font-size: large;\">Des grottes, <\/span><\/span><a href=\"https:\/\/www.grotte-dargilan-48.com\/\" target=\"_blank\" rel=\"noopener\">grotte Dargilan<\/a><span style=\"color: #000000;\"><span style=\"font-size: large;\"> et <\/span><\/span><a href=\"https:\/\/avenarmand.com\/\" target=\"_blank\" rel=\"noopener\">Aven Armand<\/a><\/p><p><br \/><br \/><\/p>\t\t\t\t\t\t\t\t<\/div>\n\t\t\t\t<\/div>\n\t\t\t\t\t<\/div>\n\t\t\t\t<\/div>\n\t\t\t\t<\/div>\n\t\t","protected":false},"excerpt":{"rendered":"<p>Voici quelques id\u00e9es et propositions d&rsquo;activit\u00e9s ou de lieux \u00e0 d\u00e9couvrir autour du g\u00eete . Cette liste est loin d&rsquo;\u00eatre [&hellip;]<\/p>\n","protected":false},"author":1,"featured_media":0,"parent":0,"menu_order":0,"comment_status":"closed","ping_status":"closed","template":"","meta":{"site-sidebar-layout":"no-sidebar","site-content-layout":"","ast-site-content-layout":"full-width-container","site-content-style":"default","site-sidebar-style":"default","ast-global-header-display":"","ast-banner-title-visibility":"","ast-main-header-display":"","ast-hfb-above-header-display":"","ast-hfb-below-header-display":"","ast-hfb-mobile-header-display":"","site-post-title":"disabled","ast-breadcrumbs-content":"","ast-featured-img":"disabled","footer-sml-layout":"","theme-transparent-header-meta":"","adv-header-id-meta":"","stick-header-meta":"","header-above-stick-meta":"","header-main-stick-meta":"","header-below-stick-meta":"","astra-migrate-meta-layouts":"default","ast-page-background-enabled":"default","ast-page-background-meta":{"desktop":{"background-color":"var(--ast-global-color-5)","background-image":"","background-repeat":"repeat","background-position":"center center","background-size":"auto","background-attachment":"scroll","background-type":"","background-media":"","overlay-type":"","overlay-color":"","overlay-opacity":"","overlay-gradient":""},"tablet":{"background-color":"","background-image":"","background-repeat":"repeat","background-position":"center center","background-size":"auto","background-attachment":"scroll","background-type":"","background-media":"","overlay-type":"","overlay-color":"","overlay-opacity":"","overlay-gradient":""},"mobile":{"background-color":"","background-image":"","background-repeat":"repeat","background-position":"center center","background-size":"auto","background-attachment":"scroll","background-type":"","background-media":"","overlay-type":"","overlay-color":"","overlay-opacity":"","overlay-gradient":""}},"ast-content-background-meta":{"desktop":{"background-color":"var(--ast-global-color-4)","background-image":"","background-repeat":"repeat","background-position":"center center","background-size":"auto","background-attachment":"scroll","background-type":"","background-media":"","overlay-type":"","overlay-color":"","overlay-opacity":"","overlay-gradient":""},"tablet":{"background-color":"var(--ast-global-color-4)","background-image":"","background-repeat":"repeat","background-position":"center center","background-size":"auto","background-attachment":"scroll","background-type":"","background-media":"","overlay-type":"","overlay-color":"","overlay-opacity":"","overlay-gradient":""},"mobile":{"background-color":"var(--ast-global-color-4)","background-image":"","background-repeat":"repeat","background-position":"center center","background-size":"auto","background-attachment":"scroll","background-type":"","background-media":"","overlay-type":"","overlay-color":"","overlay-opacity":"","overlay-gradient":""}},"footnotes":""},"class_list":["post-432","page","type-page","status-publish","hentry"],"aioseo_notices":[],"_links":{"self":[{"href":"https:\/\/gitedegranade.fr\/index.php?rest_route=\/wp\/v2\/pages\/432","targetHints":{"allow":["GET"]}}],"collection":[{"href":"https:\/\/gitedegranade.fr\/index.php?rest_route=\/wp\/v2\/pages"}],"about":[{"href":"https:\/\/gitedegranade.fr\/index.php?rest_route=\/wp\/v2\/types\/page"}],"author":[{"embeddable":true,"href":"https:\/\/gitedegranade.fr\/index.php?rest_route=\/wp\/v2\/users\/1"}],"replies":[{"embeddable":true,"href":"https:\/\/gitedegranade.fr\/index.php?rest_route=%2Fwp%2Fv2%2Fcomments&post=432"}],"version-history":[{"count":7,"href":"https:\/\/gitedegranade.fr\/index.php?rest_route=\/wp\/v2\/pages\/432\/revisions"}],"predecessor-version":[{"id":518,"href":"https:\/\/gitedegranade.fr\/index.php?rest_route=\/wp\/v2\/pages\/432\/revisions\/518"}],"wp:attachment":[{"href":"https:\/\/gitedegranade.fr\/index.php?rest_route=%2Fwp%2Fv2%2Fmedia&parent=432"}],"curies":[{"name":"wp","href":"https:\/\/api.w.org\/{rel}","templated":true}]}}