{"id":2,"date":"2025-01-02T14:12:54","date_gmt":"2025-01-02T14:12:54","guid":{"rendered":"https:\/\/gitedegranade.fr\/?page_id=2"},"modified":"2025-01-14T09:46:56","modified_gmt":"2025-01-14T09:46:56","slug":"sample-page","status":"publish","type":"page","link":"https:\/\/gitedegranade.fr\/","title":{"rendered":"Accueil"},"content":{"rendered":"\t\t<div data-elementor-type=\"wp-page\" data-elementor-id=\"2\" class=\"elementor elementor-2\">\n\t\t\t\t<div class=\"elementor-element elementor-element-294456f e-con-full e-flex e-con e-parent\" data-id=\"294456f\" data-element_type=\"container\">\n\t\t\t\t<\/div>\n\t\t<div class=\"elementor-element elementor-element-a4f3e9a e-flex e-con-boxed e-con e-parent\" data-id=\"a4f3e9a\" data-element_type=\"container\">\n\t\t\t\t\t<div class=\"e-con-inner\">\n\t\t\t\t<div class=\"elementor-element elementor-element-24740c9 elementor-widget elementor-widget-heading\" data-id=\"24740c9\" data-element_type=\"widget\" data-widget_type=\"heading.default\">\n\t\t\t\t<div class=\"elementor-widget-container\">\n\t\t\t\t\t<h1 class=\"elementor-heading-title elementor-size-default\">Bienvenue dans le gite!<\/h1>\t\t\t\t<\/div>\n\t\t\t\t<\/div>\n\t\t\t\t\t<\/div>\n\t\t\t\t<\/div>\n\t\t<div class=\"elementor-element elementor-element-8ee5b09 e-flex e-con-boxed e-con e-parent\" data-id=\"8ee5b09\" data-element_type=\"container\">\n\t\t\t\t\t<div class=\"e-con-inner\">\n\t\t\t\t<div class=\"elementor-element elementor-element-25802e9 elementor-widget elementor-widget-spacer\" data-id=\"25802e9\" data-element_type=\"widget\" data-widget_type=\"spacer.default\">\n\t\t\t\t<div class=\"elementor-widget-container\">\n\t\t\t\t\t\t\t<div class=\"elementor-spacer\">\n\t\t\t<div class=\"elementor-spacer-inner\"><\/div>\n\t\t<\/div>\n\t\t\t\t\t\t<\/div>\n\t\t\t\t<\/div>\n\t\t\t\t\t<\/div>\n\t\t\t\t<\/div>\n\t\t<div class=\"elementor-element elementor-element-ef4f73f e-flex e-con-boxed e-con e-parent\" data-id=\"ef4f73f\" data-element_type=\"container\">\n\t\t\t\t\t<div class=\"e-con-inner\">\n\t\t<div class=\"elementor-element elementor-element-2100bdd e-con-full e-flex e-con e-child\" data-id=\"2100bdd\" data-element_type=\"container\">\n\t\t\t\t<div class=\"elementor-element elementor-element-5090e60 elementor-widget elementor-widget-image\" data-id=\"5090e60\" data-element_type=\"widget\" data-widget_type=\"image.default\">\n\t\t\t\t<div class=\"elementor-widget-container\">\n\t\t\t\t\t\t\t\t\t\t\t\t\t\t\t<img fetchpriority=\"high\" decoding=\"async\" width=\"940\" height=\"626\" src=\"https:\/\/gitedegranade.fr\/wp-content\/uploads\/2025\/01\/Granade_1.jpg\" class=\"attachment-large size-large wp-image-36\" alt=\"Vue g\u00e9n\u00e9rale du batiment\" srcset=\"https:\/\/gitedegranade.fr\/wp-content\/uploads\/2025\/01\/Granade_1.jpg 940w, https:\/\/gitedegranade.fr\/wp-content\/uploads\/2025\/01\/Granade_1-300x200.jpg 300w, https:\/\/gitedegranade.fr\/wp-content\/uploads\/2025\/01\/Granade_1-768x511.jpg 768w\" sizes=\"(max-width: 940px) 100vw, 940px\" \/>\t\t\t\t\t\t\t\t\t\t\t\t\t\t\t<\/div>\n\t\t\t\t<\/div>\n\t\t\t\t<\/div>\n\t\t<div class=\"elementor-element elementor-element-32eeec8 e-con-full e-flex e-con e-child\" data-id=\"32eeec8\" data-element_type=\"container\">\n\t\t\t\t<div class=\"elementor-element elementor-element-ae9f9ba elementor-widget elementor-widget-text-editor\" data-id=\"ae9f9ba\" data-element_type=\"widget\" data-widget_type=\"text-editor.default\">\n\t\t\t\t<div class=\"elementor-widget-container\">\n\t\t\t\t\t\t\t\t\t<p>\u00a0<span style=\"font-size: medium;\"><span style=\"color: #000000;\"><span style=\"font-family: arial, helvetica, sans-serif;\">C&rsquo;est au c\u0153ur de la Loz\u00e8re, entre Mende et Marvejols et dans la vall\u00e9e du Lot que le g\u00eete de Granade vous accueille pour des vacances riches en d\u00e9couvertes . <\/span><\/span><\/span><span style=\"color: #000000;\">\u00a0<\/span><\/p><p><span style=\"color: #000000;\"><span style=\"font-family: arial, helvetica, sans-serif;\"><span style=\"font-size: medium;\">Le g\u00eete est id\u00e9alement situ\u00e9 au centre du d\u00e9partement et \u00e0 proximit\u00e9 de la route nationale qui constitue un point de d\u00e9part pour rayonner et d\u00e9couvrir les diff\u00e9rents paysages de Loz\u00e8re que sont l&rsquo;Aubrac, la Margeride, les C\u00e9vennes, les Grands Causses et les Gorges du Tarn <\/span><\/span><\/span><\/p>\t\t\t\t\t\t\t\t<\/div>\n\t\t\t\t<\/div>\n\t\t\t\t<\/div>\n\t\t\t\t\t<\/div>\n\t\t\t\t<\/div>\n\t\t<div class=\"elementor-element elementor-element-917d0ee e-flex e-con-boxed e-con e-parent\" data-id=\"917d0ee\" data-element_type=\"container\">\n\t\t\t\t\t<div class=\"e-con-inner\">\n\t\t\t\t<div class=\"elementor-element elementor-element-9ebc1c9 elementor-widget elementor-widget-text-editor\" data-id=\"9ebc1c9\" data-element_type=\"widget\" data-widget_type=\"text-editor.default\">\n\t\t\t\t<div class=\"elementor-widget-container\">\n\t\t\t\t\t\t\t\t\t<p>Cette ancienne maison de ferme de caract\u00e8re, situ\u00e9e dans un hameau \u00e0 500 m\u00e8tres du village a \u00e9t\u00e9 enti\u00e8rement restaur\u00e9e en privil\u00e9giant les mat\u00e9riaux \u00e9cologiques et durables .<\/p>\n<p>Elle a ainsi gard\u00e9 son cachet tout en vous offrant un confort plus moderne .<\/p>\n<p>Un espace privatif clos vous permet d&rsquo;\u00eatre \u00ab\u00a0chez vous\u00a0\u00bb pour toute la dur\u00e9e de votre s\u00e9jour<\/p>\t\t\t\t\t\t\t\t<\/div>\n\t\t\t\t<\/div>\n\t\t\t\t\t<\/div>\n\t\t\t\t<\/div>\n\t\t<div class=\"elementor-element elementor-element-a26d93f e-flex e-con-boxed e-con e-parent\" data-id=\"a26d93f\" data-element_type=\"container\">\n\t\t\t\t\t<div class=\"e-con-inner\">\n\t\t\t\t<div class=\"elementor-element elementor-element-fcc6259 elementor-widget elementor-widget-image\" data-id=\"fcc6259\" data-element_type=\"widget\" data-widget_type=\"image.default\">\n\t\t\t\t<div class=\"elementor-widget-container\">\n\t\t\t\t\t\t\t\t\t\t\t\t\t\t\t<img decoding=\"async\" src=\"https:\/\/gitedegranade.fr\/wp-content\/uploads\/elementor\/thumbs\/GDF_logo-qzfdniz75kefisqurm955n0uydp4alrvc4umxbp888.png\" title=\"GDF_logo\" alt=\"GDF_logo\" loading=\"lazy\" \/>\t\t\t\t\t\t\t\t\t\t\t\t\t\t\t<\/div>\n\t\t\t\t<\/div>\n\t\t\t\t<div class=\"elementor-element elementor-element-3466396 elementor-widget elementor-widget-image\" data-id=\"3466396\" data-element_type=\"widget\" data-widget_type=\"image.default\">\n\t\t\t\t<div class=\"elementor-widget-container\">\n\t\t\t\t\t\t\t\t\t\t\t\t\t\t\t<img decoding=\"async\" src=\"https:\/\/gitedegranade.fr\/wp-content\/uploads\/elementor\/thumbs\/picto_2epis_1-qzfdohr7ow7gt62ucyxvdgpkip91qpbng75j802rtk.png\" title=\"picto_2epis_1\" alt=\"picto_2epis_1\" loading=\"lazy\" \/>\t\t\t\t\t\t\t\t\t\t\t\t\t\t\t<\/div>\n\t\t\t\t<\/div>\n\t\t\t\t<div class=\"elementor-element elementor-element-5cc856c elementor-widget elementor-widget-image\" data-id=\"5cc856c\" data-element_type=\"widget\" data-widget_type=\"image.default\">\n\t\t\t\t<div class=\"elementor-widget-container\">\n\t\t\t\t\t\t\t\t\t\t\t\t\t\t\t<img decoding=\"async\" src=\"https:\/\/gitedegranade.fr\/wp-content\/uploads\/elementor\/thumbs\/ecogeste-qzfdn5tg9454onn80oe4rikqfinnkhohfyssz65an4.png\" title=\"ecogeste\" alt=\"ecogeste\" loading=\"lazy\" \/>\t\t\t\t\t\t\t\t\t\t\t\t\t\t\t<\/div>\n\t\t\t\t<\/div>\n\t\t\t\t<div class=\"elementor-element elementor-element-7799a7e elementor-widget elementor-widget-image\" data-id=\"7799a7e\" data-element_type=\"widget\" data-widget_type=\"image.default\">\n\t\t\t\t<div class=\"elementor-widget-container\">\n\t\t\t\t\t\t\t\t\t\t\t\t\t\t\t<img decoding=\"async\" width=\"135\" height=\"90\" src=\"https:\/\/gitedegranade.fr\/wp-content\/uploads\/2025\/01\/Logo_48_Lozere_2010.png\" class=\"attachment-large size-large wp-image-96\" alt=\"\" \/>\t\t\t\t\t\t\t\t\t\t\t\t\t\t\t<\/div>\n\t\t\t\t<\/div>\n\t\t\t\t<div class=\"elementor-element elementor-element-e487caf elementor-widget elementor-widget-image\" data-id=\"e487caf\" data-element_type=\"widget\" data-widget_type=\"image.default\">\n\t\t\t\t<div class=\"elementor-widget-container\">\n\t\t\t\t\t\t\t\t\t\t\t\t\t\t\t<img decoding=\"async\" src=\"https:\/\/gitedegranade.fr\/wp-content\/uploads\/elementor\/thumbs\/feader-qzfdndc69bxrq3o2twimr1vrfzxk8f05gbnmgrf1nk.jpeg\" title=\"feader\" alt=\"feader\" loading=\"lazy\" \/>\t\t\t\t\t\t\t\t\t\t\t\t\t\t\t<\/div>\n\t\t\t\t<\/div>\n\t\t\t\t<div class=\"elementor-element elementor-element-4649c27 elementor-widget elementor-widget-image\" data-id=\"4649c27\" data-element_type=\"widget\" data-widget_type=\"image.default\">\n\t\t\t\t<div class=\"elementor-widget-container\">\n\t\t\t\t\t\t\t\t\t\t\t\t\t\t\t<img decoding=\"async\" width=\"200\" height=\"40\" src=\"https:\/\/gitedegranade.fr\/wp-content\/uploads\/2025\/01\/200x40_cyb_noir.png\" class=\"attachment-large size-large wp-image-315\" alt=\"\" \/>\t\t\t\t\t\t\t\t\t\t\t\t\t\t\t<\/div>\n\t\t\t\t<\/div>\n\t\t\t\t<div class=\"elementor-element elementor-element-6c96dc6 elementor-widget elementor-widget-image\" data-id=\"6c96dc6\" data-element_type=\"widget\" data-widget_type=\"image.default\">\n\t\t\t\t<div class=\"elementor-widget-container\">\n\t\t\t\t\t\t\t\t\t\t\t\t\t\t\t<img decoding=\"async\" src=\"https:\/\/gitedegranade.fr\/wp-content\/uploads\/elementor\/thumbs\/logo-carte-bleue-qzfevfzqgwipywycblnmnk264h8hxi4e1i5c4ql1ig.png\" title=\"logo-carte-bleue\" alt=\"logo-carte-bleue\" loading=\"lazy\" \/>\t\t\t\t\t\t\t\t\t\t\t\t\t\t\t<\/div>\n\t\t\t\t<\/div>\n\t\t\t\t<div class=\"elementor-element elementor-element-1522aaf elementor-widget elementor-widget-image-gallery\" data-id=\"1522aaf\" data-element_type=\"widget\" data-widget_type=\"image-gallery.default\">\n\t\t\t\t<div class=\"elementor-widget-container\">\n\t\t\t\t\t\t\t<div class=\"elementor-image-gallery\">\n\t\t\t\t\t<\/div>\n\t\t\t\t\t\t<\/div>\n\t\t\t\t<\/div>\n\t\t\t\t<div class=\"elementor-element elementor-element-542ad95 elementor-widget elementor-widget-image\" data-id=\"542ad95\" data-element_type=\"widget\" data-widget_type=\"image.default\">\n\t\t\t\t<div class=\"elementor-widget-container\">\n\t\t\t\t\t\t\t\t\t\t\t\t\t\t\t<img decoding=\"async\" src=\"https:\/\/gitedegranade.fr\/wp-content\/uploads\/elementor\/thumbs\/2002626-2764145-qziby5tq74n9n4ho6k0qx20xo1wcr7kxenjwxxp1p4.jpg\" title=\"2002626-2764145\" alt=\"2002626-2764145\" loading=\"lazy\" \/>\t\t\t\t\t\t\t\t\t\t\t\t\t\t\t<\/div>\n\t\t\t\t<\/div>\n\t\t\t\t\t<\/div>\n\t\t\t\t<\/div>\n\t\t\t\t<\/div>\n\t\t","protected":false},"excerpt":{"rendered":"<p>Bienvenue dans le gite! \u00a0C&rsquo;est au c\u0153ur de la Loz\u00e8re, entre Mende et Marvejols et dans la vall\u00e9e du Lot [&hellip;]<\/p>\n","protected":false},"author":1,"featured_media":0,"parent":0,"menu_order":1,"comment_status":"closed","ping_status":"closed","template":"","meta":{"site-sidebar-layout":"default","site-content-layout":"","ast-site-content-layout":"default","site-content-style":"default","site-sidebar-style":"default","ast-global-header-display":"","ast-banner-title-visibility":"","ast-main-header-display":"","ast-hfb-above-header-display":"","ast-hfb-below-header-display":"","ast-hfb-mobile-header-display":"","site-post-title":"","ast-breadcrumbs-content":"","ast-featured-img":"","footer-sml-layout":"","theme-transparent-header-meta":"","adv-header-id-meta":"","stick-header-meta":"","header-above-stick-meta":"","header-main-stick-meta":"","header-below-stick-meta":"","astra-migrate-meta-layouts":"default","ast-page-background-enabled":"default","ast-page-background-meta":{"desktop":{"background-color":"var(--ast-global-color-5)","background-image":"","background-repeat":"repeat","background-position":"center center","background-size":"auto","background-attachment":"scroll","background-type":"","background-media":"","overlay-type":"","overlay-color":"","overlay-opacity":"","overlay-gradient":""},"tablet":{"background-color":"","background-image":"","background-repeat":"repeat","background-position":"center center","background-size":"auto","background-attachment":"scroll","background-type":"","background-media":"","overlay-type":"","overlay-color":"","overlay-opacity":"","overlay-gradient":""},"mobile":{"background-color":"","background-image":"","background-repeat":"repeat","background-position":"center center","background-size":"auto","background-attachment":"scroll","background-type":"","background-media":"","overlay-type":"","overlay-color":"","overlay-opacity":"","overlay-gradient":""}},"ast-content-background-meta":{"desktop":{"background-color":"var(--ast-global-color-4)","background-image":"","background-repeat":"repeat","background-position":"center center","background-size":"auto","background-attachment":"scroll","background-type":"","background-media":"","overlay-type":"","overlay-color":"","overlay-opacity":"","overlay-gradient":""},"tablet":{"background-color":"var(--ast-global-color-4)","background-image":"","background-repeat":"repeat","background-position":"center center","background-size":"auto","background-attachment":"scroll","background-type":"","background-media":"","overlay-type":"","overlay-color":"","overlay-opacity":"","overlay-gradient":""},"mobile":{"background-color":"var(--ast-global-color-4)","background-image":"","background-repeat":"repeat","background-position":"center center","background-size":"auto","background-attachment":"scroll","background-type":"","background-media":"","overlay-type":"","overlay-color":"","overlay-opacity":"","overlay-gradient":""}},"footnotes":""},"class_list":["post-2","page","type-page","status-publish","hentry"],"aioseo_notices":[],"_links":{"self":[{"href":"https:\/\/gitedegranade.fr\/index.php?rest_route=\/wp\/v2\/pages\/2","targetHints":{"allow":["GET"]}}],"collection":[{"href":"https:\/\/gitedegranade.fr\/index.php?rest_route=\/wp\/v2\/pages"}],"about":[{"href":"https:\/\/gitedegranade.fr\/index.php?rest_route=\/wp\/v2\/types\/page"}],"author":[{"embeddable":true,"href":"https:\/\/gitedegranade.fr\/index.php?rest_route=\/wp\/v2\/users\/1"}],"replies":[{"embeddable":true,"href":"https:\/\/gitedegranade.fr\/index.php?rest_route=%2Fwp%2Fv2%2Fcomments&post=2"}],"version-history":[{"count":54,"href":"https:\/\/gitedegranade.fr\/index.php?rest_route=\/wp\/v2\/pages\/2\/revisions"}],"predecessor-version":[{"id":471,"href":"https:\/\/gitedegranade.fr\/index.php?rest_route=\/wp\/v2\/pages\/2\/revisions\/471"}],"wp:attachment":[{"href":"https:\/\/gitedegranade.fr\/index.php?rest_route=%2Fwp%2Fv2%2Fmedia&parent=2"}],"curies":[{"name":"wp","href":"https:\/\/api.w.org\/{rel}","templated":true}]}}